{"id":237,"date":"2025-05-20T10:40:17","date_gmt":"2025-05-20T13:40:17","guid":{"rendered":"https:\/\/grupoclimatec.com.ar\/service-carrier\/?page_id=237"},"modified":"2025-05-24T23:18:36","modified_gmt":"2025-05-25T02:18:36","slug":"contacto","status":"publish","type":"page","link":"https:\/\/grupoclimatec.com.ar\/service-carrier\/contacto\/","title":{"rendered":"Presupuesto"},"content":{"rendered":"<section class=\"l-section wpb_row height_auto width_full\"><div class=\"l-section-h i-cf\"><div class=\"g-cols vc_row type_boxes valign_top reversed\"><div class=\"vc_col-sm-6 wpb_column vc_column_container has-fill\"><div class=\"vc_column-inner us_custom_6f2ee4e2\"><div class=\"wpb_wrapper\"><\/div><\/div><\/div><div class=\"vc_col-sm-6 wpb_column vc_column_container\"><div class=\"vc_column-inner\"><div class=\"wpb_wrapper\"><div id=\"ultimate-heading-921669dffa5643b34\" class=\"uvc-heading ult-adjust-bottom-margin ultimate-heading-921669dffa5643b34 uvc-9827 \" data-hspacer=\"line_only\"  data-halign=\"center\" style=\"text-align:center\"><div class=\"uvc-main-heading ult-responsive\"  data-ultimate-target='.uvc-heading.ultimate-heading-921669dffa5643b34 h4'  data-responsive-json-new='{\"font-size\":\"\",\"line-height\":\"\"}' ><h4 style=\"font-weight:normal;\">Solicite su Presupuesto<\/h4><\/div><div class=\"uvc-heading-spacer line_only\" style=\"topheight:2px;\"><span class=\"uvc-headings-line\" style=\"border-style:double;border-bottom-width:2px;border-color:#ccc;width:autopx;\"><\/span><\/div><\/div><form class=\"w-form  layout_ver for_cform us_form_1\" autocomplete=\"off\" action=\"https:\/\/grupoclimatec.com.ar\/service-carrier\/service-carrier\/wp-json\/wp\/v2\/pages\/237\" method=\"post\" style=\"--fields-gap:1.5rem\"><div class=\"w-form-h\"><div class=\"w-form-row for_text required with_icon cols_2\">\r\n\t\t<div class=\"w-form-row-field\">\r\n\t\t\t\t<i class=\"fal fa-user\"><\/i>\t\t<input aria-label=\"Nombre y Apellido\" type=\"text\" name=\"us_form_1_text_1\" value placeholder=\"Nombre y Apellido *\" data-required=\"true\" aria-required=\"true\"\/>\r\n\t\t\t<\/div>\r\n\t\t<div class=\"w-form-row-state\">Rellena este campo<\/div>\r\n<\/div>\r\n<div class=\"w-form-row for_email required with_icon cols_2\">\r\n\t\t<div class=\"w-form-row-field\">\r\n\t\t\t\t<i class=\"fal fa-envelope\"><\/i>\t\t<input aria-label=\"Correo electr\u00f3nico\" type=\"email\" name=\"us_form_1_email_1\" value placeholder=\"Correo electr\u00f3nico *\" data-required=\"true\" aria-required=\"true\"\/>\r\n\t\t\t<\/div>\r\n\t\t<div class=\"w-form-row-state\">Por favor, introduce una direcci\u00f3n de correo electr\u00f3nico v\u00e1lida.<\/div>\r\n<\/div>\r\n<div class=\"w-form-row for_text required with_icon cols_2\">\r\n\t\t<div class=\"w-form-row-field\">\r\n\t\t\t\t<i class=\"fab fa-whatsapp\"><\/i>\t\t<input aria-label=\"Celular\" type=\"text\" name=\"us_form_1_text_2\" value placeholder=\"Celular *\" data-required=\"true\" aria-required=\"true\"\/>\r\n\t\t\t<\/div>\r\n\t\t<div class=\"w-form-row-state\">Rellena este campo<\/div>\r\n<\/div>\r\n<div class=\"w-form-row for_text with_icon cols_2\">\r\n\t\t<div class=\"w-form-row-field\">\r\n\t\t\t\t<i class=\"material-icons\">location_on<\/i>\t\t<input aria-label=\"Barrio\/Localidad\" type=\"text\" name=\"us_form_1_text_3\" value placeholder=\"Barrio\/Localidad\"\/>\r\n\t\t\t<\/div>\r\n\t\t<div class=\"w-form-row-state\">Rellena este campo<\/div>\r\n<\/div>\r\n<div class=\"w-form-row for_textarea required with_icon\">\r\n\t\t<div class=\"w-form-row-field\">\r\n\t\t\t\t<i class=\"fal fa-pen\"><\/i>\t\t<textarea aria-label=\"Mensaje\" name=\"us_form_1_textarea_1\" placeholder=\"Mensaje *\" data-required=\"true\" aria-required=\"true\"><\/textarea>\r\n\t\t\t<\/div>\r\n\t\t<div class=\"w-form-row-state\">Rellena este campo<\/div>\r\n<\/div>\r\n<div class=\"w-form-row for_captcha has_label required\">\r\n\t<div class=\"w-form-row-label\">\r\n\t\t<span>Captcha <span>24 + 12 = ?<\/span><\/span>\r\n\t<\/div>\r\n\t<div class=\"w-form-row-field\">\r\n\t\t\t\t<input type=\"hidden\" name=\"us_form_1_captcha_1_hash\" value=\"4ce2edc042d7295d107d866c3708d19e\" \/>\r\n\t\t\t\t<input aria-label=\"Captcha\" type=\"text\" name=\"us_form_1_captcha_1\" placeholder data-required=\"true\" aria-required=\"true\"\/>\r\n\t\t\t<\/div>\r\n\t\t\t<div class=\"w-form-row-description\">\r\n\t\t\tIntroduzca el resultado del c\u00e1lculo\t\t<\/div>\r\n\t\t<div class=\"w-form-row-state\">Escriba el resultado de la operaci\u00f3n para continuar<\/div>\r\n<\/div>\r\n<input type=\"hidden\" name=\"action\" value=\"us_ajax_cform\" \/><input type=\"hidden\" name=\"post_id\" value \/><input type=\"hidden\" name=\"form_index\" value=\"1\" \/><div class=\"w-form-row for_submit align_left\">\r\n\t<div class=\"w-form-row-field\">\r\n\t\t\t\t<button class=\"w-btn icon_atright us-btn-style_1\" aria-label=\"Enviar\" type=\"submit\">\r\n\t\t\t<span class=\"g-preloader type_1\"><\/span>\r\n\t\t\t\t\t\t<span class=\"w-btn-label\">Enviar<\/span>\r\n\t\t\t<i class=\"far fa-rocket\"><\/i>\t\t<\/button>\r\n\t<\/div>\r\n<\/div><\/div><div class=\"w-form-message\"><\/div><div class=\"w-form-json hidden\" onclick='return {&quot;ajaxurl&quot;:&quot;https:\\\/\\\/grupoclimatec.com.ar\\\/service-carrier\\\/wp-admin\\\/admin-ajax.php&quot;}'><\/div><\/form><\/div><\/div><\/div><\/div><\/div><\/section>\n","protected":false},"excerpt":{"rendered":"Solicite su Presupuesto Rellena este campo Por favor, introduce una direcci\u00f3n de correo electr\u00f3nico v\u00e1lida. Rellena este campo location_on Rellena este campo Rellena este campo Captcha 17 - 1 = ? Introduzca el resultado del c\u00e1lculo Escriba el resultado de la operaci\u00f3n para continuar Enviar","protected":false},"author":2,"featured_media":0,"parent":0,"menu_order":0,"comment_status":"closed","ping_status":"closed","template":"","meta":{"footnotes":""},"class_list":["post-237","page","type-page","status-publish","hentry"],"yoast_head":"<!-- This site is optimized with the Yoast SEO plugin v27.4 - https:\/\/yoast.com\/product\/yoast-seo-wordpress\/ -->\n<title>Presupuesto - Grupo Climatec Service oficial Carrier Surrey\u00a0Midea<\/title>\n<meta name=\"robots\" content=\"index, follow, max-snippet:-1, max-image-preview:large, max-video-preview:-1\" \/>\n<link rel=\"canonical\" href=\"https:\/\/grupoclimatec.com.ar\/service-carrier\/contacto\/\" \/>\n<meta property=\"og:locale\" content=\"es_ES\" \/>\n<meta property=\"og:type\" content=\"article\" \/>\n<meta property=\"og:title\" content=\"Presupuesto - Grupo Climatec Service oficial Carrier Surrey\u00a0Midea\" \/>\n<meta property=\"og:url\" content=\"https:\/\/grupoclimatec.com.ar\/service-carrier\/contacto\/\" \/>\n<meta property=\"og:site_name\" content=\"Grupo Climatec Service oficial Carrier Surrey\u00a0Midea\" \/>\n<meta property=\"article:modified_time\" content=\"2025-05-25T02:18:36+00:00\" \/>\n<meta name=\"twitter:card\" content=\"summary_large_image\" \/>\n<meta name=\"twitter:label1\" content=\"Tiempo de lectura\" \/>\n\t<meta name=\"twitter:data1\" content=\"1 minuto\" \/>\n<script type=\"application\/ld+json\" class=\"yoast-schema-graph\">{\"@context\":\"https:\\\/\\\/schema.org\",\"@graph\":[{\"@type\":\"WebPage\",\"@id\":\"https:\\\/\\\/grupoclimatec.com.ar\\\/service-carrier\\\/contacto\\\/\",\"url\":\"https:\\\/\\\/grupoclimatec.com.ar\\\/service-carrier\\\/contacto\\\/\",\"name\":\"Presupuesto - Grupo Climatec Service oficial Carrier Surrey\u00a0Midea\",\"isPartOf\":{\"@id\":\"http:\\\/\\\/climatec03.com\\\/service-carrier\\\/#website\"},\"datePublished\":\"2025-05-20T13:40:17+00:00\",\"dateModified\":\"2025-05-25T02:18:36+00:00\",\"breadcrumb\":{\"@id\":\"https:\\\/\\\/grupoclimatec.com.ar\\\/service-carrier\\\/contacto\\\/#breadcrumb\"},\"inLanguage\":\"es\",\"potentialAction\":[{\"@type\":\"ReadAction\",\"target\":[\"https:\\\/\\\/grupoclimatec.com.ar\\\/service-carrier\\\/contacto\\\/\"]}]},{\"@type\":\"BreadcrumbList\",\"@id\":\"https:\\\/\\\/grupoclimatec.com.ar\\\/service-carrier\\\/contacto\\\/#breadcrumb\",\"itemListElement\":[{\"@type\":\"ListItem\",\"position\":1,\"name\":\"Portada\",\"item\":\"https:\\\/\\\/grupoclimatec.com.ar\\\/service-carrier\\\/\"},{\"@type\":\"ListItem\",\"position\":2,\"name\":\"Presupuesto\"}]},{\"@type\":\"WebSite\",\"@id\":\"http:\\\/\\\/climatec03.com\\\/service-carrier\\\/#website\",\"url\":\"http:\\\/\\\/climatec03.com\\\/service-carrier\\\/\",\"name\":\"Grupo Climatec Service oficial Carrier Surrey\u00a0Midea\",\"description\":\"Service de aire acondicionado especializados en Carrier Surrey\u00a0Midea reparaciones\",\"potentialAction\":[{\"@type\":\"SearchAction\",\"target\":{\"@type\":\"EntryPoint\",\"urlTemplate\":\"http:\\\/\\\/climatec03.com\\\/service-carrier\\\/?s={search_term_string}\"},\"query-input\":{\"@type\":\"PropertyValueSpecification\",\"valueRequired\":true,\"valueName\":\"search_term_string\"}}],\"inLanguage\":\"es\"}]}<\/script>\n<!-- \/ Yoast SEO plugin. -->","yoast_head_json":{"title":"Presupuesto - Grupo Climatec Service oficial Carrier Surrey\u00a0Midea","robots":{"index":"index","follow":"follow","max-snippet":"max-snippet:-1","max-image-preview":"max-image-preview:large","max-video-preview":"max-video-preview:-1"},"canonical":"https:\/\/grupoclimatec.com.ar\/service-carrier\/contacto\/","og_locale":"es_ES","og_type":"article","og_title":"Presupuesto - Grupo Climatec Service oficial Carrier Surrey\u00a0Midea","og_url":"https:\/\/grupoclimatec.com.ar\/service-carrier\/contacto\/","og_site_name":"Grupo Climatec Service oficial Carrier Surrey\u00a0Midea","article_modified_time":"2025-05-25T02:18:36+00:00","twitter_card":"summary_large_image","twitter_misc":{"Tiempo de lectura":"1 minuto"},"schema":{"@context":"https:\/\/schema.org","@graph":[{"@type":"WebPage","@id":"https:\/\/grupoclimatec.com.ar\/service-carrier\/contacto\/","url":"https:\/\/grupoclimatec.com.ar\/service-carrier\/contacto\/","name":"Presupuesto - Grupo Climatec Service oficial Carrier Surrey\u00a0Midea","isPartOf":{"@id":"http:\/\/climatec03.com\/service-carrier\/#website"},"datePublished":"2025-05-20T13:40:17+00:00","dateModified":"2025-05-25T02:18:36+00:00","breadcrumb":{"@id":"https:\/\/grupoclimatec.com.ar\/service-carrier\/contacto\/#breadcrumb"},"inLanguage":"es","potentialAction":[{"@type":"ReadAction","target":["https:\/\/grupoclimatec.com.ar\/service-carrier\/contacto\/"]}]},{"@type":"BreadcrumbList","@id":"https:\/\/grupoclimatec.com.ar\/service-carrier\/contacto\/#breadcrumb","itemListElement":[{"@type":"ListItem","position":1,"name":"Portada","item":"https:\/\/grupoclimatec.com.ar\/service-carrier\/"},{"@type":"ListItem","position":2,"name":"Presupuesto"}]},{"@type":"WebSite","@id":"http:\/\/climatec03.com\/service-carrier\/#website","url":"http:\/\/climatec03.com\/service-carrier\/","name":"Grupo Climatec Service oficial Carrier Surrey\u00a0Midea","description":"Service de aire acondicionado especializados en Carrier Surrey\u00a0Midea reparaciones","potentialAction":[{"@type":"SearchAction","target":{"@type":"EntryPoint","urlTemplate":"http:\/\/climatec03.com\/service-carrier\/?s={search_term_string}"},"query-input":{"@type":"PropertyValueSpecification","valueRequired":true,"valueName":"search_term_string"}}],"inLanguage":"es"}]}},"_links":{"self":[{"href":"https:\/\/grupoclimatec.com.ar\/service-carrier\/wp-json\/wp\/v2\/pages\/237","targetHints":{"allow":["GET"]}}],"collection":[{"href":"https:\/\/grupoclimatec.com.ar\/service-carrier\/wp-json\/wp\/v2\/pages"}],"about":[{"href":"https:\/\/grupoclimatec.com.ar\/service-carrier\/wp-json\/wp\/v2\/types\/page"}],"author":[{"embeddable":true,"href":"https:\/\/grupoclimatec.com.ar\/service-carrier\/wp-json\/wp\/v2\/users\/2"}],"replies":[{"embeddable":true,"href":"https:\/\/grupoclimatec.com.ar\/service-carrier\/wp-json\/wp\/v2\/comments?post=237"}],"version-history":[{"count":27,"href":"https:\/\/grupoclimatec.com.ar\/service-carrier\/wp-json\/wp\/v2\/pages\/237\/revisions"}],"predecessor-version":[{"id":403,"href":"https:\/\/grupoclimatec.com.ar\/service-carrier\/wp-json\/wp\/v2\/pages\/237\/revisions\/403"}],"wp:attachment":[{"href":"https:\/\/grupoclimatec.com.ar\/service-carrier\/wp-json\/wp\/v2\/media?parent=237"}],"curies":[{"name":"wp","href":"https:\/\/api.w.org\/{rel}","templated":true}]}}